{"id":169,"date":"2025-06-16T09:42:45","date_gmt":"2025-06-16T07:42:45","guid":{"rendered":"https:\/\/www.binifinques.com\/?page_id=169"},"modified":"2025-10-10T10:48:25","modified_gmt":"2025-10-10T08:48:25","slug":"uns-3","status":"publish","type":"page","link":"https:\/\/www.binifinques.com\/index.php\/de\/uns-3\/","title":{"rendered":"Uns"},"content":{"rendered":"<p>[et_pb_section fb_built=\u00bb1&#8243; fullwidth=\u00bbon\u00bb _builder_version=\u00bb4.27.4&#8243; _module_preset=\u00bbdefault\u00bb box_shadow_style=\u00bbpreset1&#8243; global_colors_info=\u00bb{}\u00bb][et_pb_fullwidth_image src=\u00bbhttps:\/\/www.binifinques.com\/wp-content\/uploads\/2025\/06\/binifinques-6.jpg\u00bb title_text=\u00bbbinifinques\u00bb _builder_version=\u00bb4.27.4&#8243; _module_preset=\u00bbdefault\u00bb global_colors_info=\u00bb{}\u00bb][\/et_pb_fullwidth_image][\/et_pb_section][et_pb_section fb_built=\u00bb1&#8243; _builder_version=\u00bb4.27.4&#8243; _module_preset=\u00bbdefault\u00bb custom_padding=\u00bb3px||0px|||\u00bb global_colors_info=\u00bb{}\u00bb][et_pb_row _builder_version=\u00bb4.27.4&#8243; _module_preset=\u00bbdefault\u00bb global_colors_info=\u00bb{}\u00bb][et_pb_column type=\u00bb4_4&#8243; _builder_version=\u00bb4.27.4&#8243; _module_preset=\u00bbdefault\u00bb global_colors_info=\u00bb{}\u00bb][et_pb_heading title=\u00bb \u00bfWas ist Binifinques?\u00bb _builder_version=\u00bb4.27.4&#8243; _module_preset=\u00bbdefault\u00bb title_level=\u00bbh3&#8243; title_font=\u00bb|600|||||||\u00bb title_text_color=\u00bb#caa772&#8243; custom_padding=\u00bb||0px|||\u00bb global_colors_info=\u00bb{}\u00bb][\/et_pb_heading][\/et_pb_column][\/et_pb_row][et_pb_row _builder_version=\u00bb4.27.4&#8243; _module_preset=\u00bbdefault\u00bb custom_margin=\u00bb-17px|auto||auto||\u00bb custom_padding=\u00bb9px|||||\u00bb border_width_top=\u00bb1px\u00bb global_colors_info=\u00bb{}\u00bb][et_pb_column type=\u00bb4_4&#8243; _builder_version=\u00bb4.27.4&#8243; _module_preset=\u00bbdefault\u00bb global_colors_info=\u00bb{}\u00bb][et_pb_text _builder_version=\u00bb4.27.4&#8243; _module_preset=\u00bbdefault\u00bb global_colors_info=\u00bb{}\u00bb]<\/p>\n<p id=\"who_h\"><em>\u00abBini [Bini] &#8211; aus dem Arabischen, \u00abHaus\u00bb + finques [Finkes] &#8211; die katalanische \u00abGrundst\u00fccke, Geb\u00e4ude\u00bb<\/em><\/p>\n<p class=\"who_text\"><span>\u00abBinifinques ist ein Unternehmen von Fachleuten gebildet, die von der ganzen Erfahrung seit \u00fcber 10 Jahren gesch\u00e4tzt bewegt, haben wir beschlossen, einen neuen Ansatz f\u00fcr Immobilien als eine Antwort auf die Anliegen unserer Kunden.\u00bb<\/span><\/p>\n<p>[\/et_pb_text][et_pb_text _builder_version=\u00bb4.27.4&#8243; _module_preset=\u00bbdefault\u00bb custom_margin=\u00bb||1px|||\u00bb global_colors_info=\u00bb{}\u00bb]<\/p>\n<p><span>An der Spitze dieses Projektes ist Michelangelo Ca\u00f1avate:<\/span><\/p>\n<p>[\/et_pb_text][et_pb_text _builder_version=\u00bb4.27.4&#8243; _module_preset=\u00bbdefault\u00bb custom_margin=\u00bb||-12px|||\u00bb custom_padding=\u00bb|||18px||\u00bb global_colors_info=\u00bb{}\u00bb]<\/p>\n<ul>\n<li><span>Betriebsf\u00fchrung Nr 886<\/span><\/li>\n<li><span>Immobilienmakler 634<\/span><\/li>\n<li><span>Perito Justizielle Assessor<\/span><\/li>\n<li><span>Diplom in Real Estate Studies<\/span><\/li>\n<li><span>Diplom in Tourismus<\/span><\/li>\n<\/ul>\n<p>[\/et_pb_text][\/et_pb_column][\/et_pb_row][et_pb_row _builder_version=\u00bb4.27.4&#8243; _module_preset=\u00bbdefault\u00bb border_width_top=\u00bb1px\u00bb global_colors_info=\u00bb{}\u00bb][et_pb_column type=\u00bb4_4&#8243; _builder_version=\u00bb4.27.4&#8243; _module_preset=\u00bbdefault\u00bb global_colors_info=\u00bb{}\u00bb][et_pb_text _builder_version=\u00bb4.27.4&#8243; _module_preset=\u00bbdefault\u00bb custom_margin=\u00bb||2px|||\u00bb global_colors_info=\u00bb{}\u00bb]<\/p>\n<p><span>Durch unsere Interesse an der Erhaltung der Umwelt, Binifinques ist verpflichtet, Verwendung von Recyclingpapier in ihren Verfahren und ermutigen ihre Kunden, um Formen der Kommunikation nutzen, um unn\u00f6tigen Ressourcenverbrauch zu vermeiden: E-Mail , WhatsApp, Linie &#8230; Neben allen Seiten, die Markierungen mit den folgenden Flags verwendet geh\u00f6ren:<\/span><\/p>\n<p>[\/et_pb_text][et_pb_text _builder_version=\u00bb4.27.4&#8243; _module_preset=\u00bbdefault\u00bb global_colors_info=\u00bb{}\u00bb]<\/p>\n<table>\n<tbody>\n<tr class=\"who_row\">\n<td class=\"who_img\"><\/td>\n<td>Blauer Engel: Das Papier wird mit un100% Altpapier und \/ oder Pappe postconsumo ohne Chlorfasern hergestellt.<\/td>\n<\/tr>\n<tr class=\"who_row\">\n<td class=\"who_img\"><\/td>\n<td>Umweltzeichen: EU-Umweltzeichen f\u00fcr Produkte, deren Herstellungsprozess hat konkrete Ma\u00dfnahmen ergriffen werden, um Auswirkungen auf die Umwelt zu verhindern.<\/td>\n<\/tr>\n<\/tbody>\n<\/table>\n<p>[\/et_pb_text][\/et_pb_column][\/et_pb_row][\/et_pb_section][et_pb_section fb_built=\u00bb1&#8243; disabled_on=\u00bbon|on|off\u00bb _builder_version=\u00bb4.27.4&#8243; _module_preset=\u00bbdefault\u00bb background_color=\u00bbRGBA(255,255,255,0)\u00bb custom_padding=\u00bb||4px|||\u00bb global_colors_info=\u00bb{}\u00bb][et_pb_row column_structure=\u00bb2_3,1_3&#8243; _builder_version=\u00bb4.27.4&#8243; _module_preset=\u00bbdefault\u00bb width=\u00bb100%\u00bb max_width=\u00bb2560px\u00bb custom_margin=\u00bb-68px|auto|-33px|auto|false|false\u00bb global_colors_info=\u00bb{}\u00bb][et_pb_column type=\u00bb2_3&#8243; _builder_version=\u00bb4.27.4&#8243; _module_preset=\u00bbdefault\u00bb global_colors_info=\u00bb{}\u00bb][et_pb_image src=\u00bbhttps:\/\/www.binifinques.com\/wp-content\/uploads\/2025\/06\/img_title_mini-1-1-1.jpg\u00bb title_text=\u00bblogo\u00bb _builder_version=\u00bb4.27.4&#8243; _module_preset=\u00bbdefault\u00bb custom_padding=\u00bb|0px||||\u00bb global_colors_info=\u00bb{}\u00bb][\/et_pb_image][\/et_pb_column][et_pb_column type=\u00bb1_3&#8243; _builder_version=\u00bb4.27.4&#8243; _module_preset=\u00bbdefault\u00bb global_colors_info=\u00bb{}\u00bb][\/et_pb_column][\/et_pb_row][et_pb_row _builder_version=\u00bb4.27.4&#8243; _module_preset=\u00bbdefault\u00bb width=\u00bb100%\u00bb max_width=\u00bb2560px\u00bb global_colors_info=\u00bb{}\u00bb][et_pb_column type=\u00bb4_4&#8243; _builder_version=\u00bb4.27.4&#8243; _module_preset=\u00bbdefault\u00bb global_colors_info=\u00bb{}\u00bb][et_pb_divider color=\u00bb#000000&#8243; _builder_version=\u00bb4.27.4&#8243; _module_preset=\u00bbdefault\u00bb min_height=\u00bb9.8px\u00bb custom_margin=\u00bb||-9px|||\u00bb custom_padding=\u00bb||0px|||\u00bb global_colors_info=\u00bb{}\u00bb][\/et_pb_divider][\/et_pb_column][\/et_pb_row][et_pb_row column_structure=\u00bb1_5,1_5,1_5,1_5,1_5&#8243; _builder_version=\u00bb4.27.4&#8243; _module_preset=\u00bbdefault\u00bb min_height=\u00bb145.1px\u00bb custom_margin=\u00bb-12px|auto||auto||\u00bb custom_padding=\u00bb4px||2px|||\u00bb global_colors_info=\u00bb{}\u00bb][et_pb_column type=\u00bb1_5&#8243; _builder_version=\u00bb4.27.4&#8243; _module_preset=\u00bbdefault\u00bb global_colors_info=\u00bb{}\u00bb][et_pb_image src=\u00bbhttps:\/\/www.binifinques.com\/wp-content\/uploads\/2025\/06\/benifi-1-1-1.jpg\u00bb title_text=\u00bbbenifi\u00bb _builder_version=\u00bb4.27.4&#8243; _module_preset=\u00bbdefault\u00bb global_colors_info=\u00bb{}\u00bb][\/et_pb_image][\/et_pb_column][et_pb_column type=\u00bb1_5&#8243; _builder_version=\u00bb4.27.4&#8243; _module_preset=\u00bbdefault\u00bb global_colors_info=\u00bb{}\u00bb][et_pb_heading title=\u00bbBF BiniFinques\u00bb _builder_version=\u00bb4.27.4&#8243; _module_preset=\u00bbdefault\u00bb title_level=\u00bbh5&#8243; title_font=\u00bb|600|||||||\u00bb custom_margin=\u00bb||-1px|||\u00bb global_colors_info=\u00bb{}\u00bb][\/et_pb_heading][et_pb_menu menu_id=\u00bb45&#8243; _builder_version=\u00bb4.27.4&#8243; _module_preset=\u00bbdefault\u00bb menu_text_color=\u00bb#caa772&#8243; max_width=\u00bb44%\u00bb global_colors_info=\u00bb{}\u00bb][\/et_pb_menu][\/et_pb_column][et_pb_column type=\u00bb1_5&#8243; _builder_version=\u00bb4.27.4&#8243; _module_preset=\u00bbdefault\u00bb global_colors_info=\u00bb{}\u00bb][et_pb_heading title=\u00bbBF Immobilien\u00bb _builder_version=\u00bb4.27.4&#8243; _module_preset=\u00bbdefault\u00bb title_level=\u00bbh5&#8243; title_font=\u00bb|600|||||||\u00bb custom_margin=\u00bb||-1px|||\u00bb global_colors_info=\u00bb{}\u00bb][\/et_pb_heading][et_pb_menu menu_id=\u00bb49&#8243; _builder_version=\u00bb4.27.4&#8243; _module_preset=\u00bbdefault\u00bb menu_text_color=\u00bb#caa772&#8243; max_width=\u00bb71%\u00bb global_colors_info=\u00bb{}\u00bb][\/et_pb_menu][\/et_pb_column][et_pb_column type=\u00bb1_5&#8243; _builder_version=\u00bb4.27.4&#8243; _module_preset=\u00bbdefault\u00bb global_colors_info=\u00bb{}\u00bb][et_pb_heading title=\u00bbBF Verwaltung\u00bb _builder_version=\u00bb4.27.4&#8243; _module_preset=\u00bbdefault\u00bb title_level=\u00bbh5&#8243; title_font=\u00bb|600|||||||\u00bb custom_margin=\u00bb||0px|||\u00bb global_colors_info=\u00bb{}\u00bb][\/et_pb_heading][et_pb_menu menu_id=\u00bb53&#8243; _builder_version=\u00bb4.27.4&#8243; _module_preset=\u00bbdefault\u00bb menu_text_color=\u00bb#caa772&#8243; global_colors_info=\u00bb{}\u00bb][\/et_pb_menu][\/et_pb_column][et_pb_column type=\u00bb1_5&#8243; _builder_version=\u00bb4.27.4&#8243; _module_preset=\u00bbdefault\u00bb global_colors_info=\u00bb{}\u00bb][et_pb_heading title=\u00bbBF Dienstleistungen\u00bb _builder_version=\u00bb4.27.4&#8243; _module_preset=\u00bbdefault\u00bb title_level=\u00bbh5&#8243; title_font=\u00bb|600|||||||\u00bb custom_margin=\u00bb||-1px|||\u00bb global_colors_info=\u00bb{}\u00bb][\/et_pb_heading][et_pb_menu menu_id=\u00bb57&#8243; _builder_version=\u00bb4.27.4&#8243; _module_preset=\u00bbdefault\u00bb menu_text_color=\u00bb#caa772&#8243; global_colors_info=\u00bb{}\u00bb][\/et_pb_menu][\/et_pb_column][\/et_pb_row][\/et_pb_section]<\/p>\n","protected":false},"excerpt":{"rendered":"<p>\u00abBini [Bini] &#8211; aus dem Arabischen, \u00abHaus\u00bb + finques [Finkes] &#8211; die katalanische \u00abGrundst\u00fccke, Geb\u00e4ude\u00bb \u00abBinifinques ist ein Unternehmen von Fachleuten gebildet, die von der ganzen Erfahrung seit \u00fcber 10 Jahren gesch\u00e4tzt bewegt, haben wir beschlossen, einen neuen Ansatz f\u00fcr Immobilien als eine Antwort auf die Anliegen unserer Kunden.\u00bbAn der Spitze dieses Projektes ist Michelangelo [&hellip;]<\/p>\n","protected":false},"author":1,"featured_media":0,"parent":0,"menu_order":0,"comment_status":"closed","ping_status":"closed","template":"","meta":{"_et_pb_use_builder":"on","_et_pb_old_content":"","_et_gb_content_width":"","footnotes":""},"class_list":["post-169","page","type-page","status-publish","hentry"],"aioseo_notices":[],"_links":{"self":[{"href":"https:\/\/www.binifinques.com\/index.php\/wp-json\/wp\/v2\/pages\/169","targetHints":{"allow":["GET"]}}],"collection":[{"href":"https:\/\/www.binifinques.com\/index.php\/wp-json\/wp\/v2\/pages"}],"about":[{"href":"https:\/\/www.binifinques.com\/index.php\/wp-json\/wp\/v2\/types\/page"}],"author":[{"embeddable":true,"href":"https:\/\/www.binifinques.com\/index.php\/wp-json\/wp\/v2\/users\/1"}],"replies":[{"embeddable":true,"href":"https:\/\/www.binifinques.com\/index.php\/wp-json\/wp\/v2\/comments?post=169"}],"version-history":[{"count":9,"href":"https:\/\/www.binifinques.com\/index.php\/wp-json\/wp\/v2\/pages\/169\/revisions"}],"predecessor-version":[{"id":722,"href":"https:\/\/www.binifinques.com\/index.php\/wp-json\/wp\/v2\/pages\/169\/revisions\/722"}],"wp:attachment":[{"href":"https:\/\/www.binifinques.com\/index.php\/wp-json\/wp\/v2\/media?parent=169"}],"curies":[{"name":"wp","href":"https:\/\/api.w.org\/{rel}","templated":true}]}}