{"id":27,"date":"2025-06-12T16:56:24","date_gmt":"2025-06-12T14:56:24","guid":{"rendered":"https:\/\/www.binifinques.com\/?page_id=27"},"modified":"2025-07-25T10:32:21","modified_gmt":"2025-07-25T08:32:21","slug":"servicios","status":"publish","type":"page","link":"https:\/\/www.binifinques.com\/index.php\/servicios\/","title":{"rendered":"Servicios"},"content":{"rendered":"<p>[et_pb_section fb_built=\u00bb1&#8243; fullwidth=\u00bbon\u00bb _builder_version=\u00bb4.27.4&#8243; _module_preset=\u00bbdefault\u00bb box_shadow_style=\u00bbpreset1&#8243; global_colors_info=\u00bb{}\u00bb][et_pb_fullwidth_image src=\u00bbhttps:\/\/www.binifinques.com\/wp-content\/uploads\/2025\/06\/servicios.jpg\u00bb title_text=\u00bbservicios\u00bb _builder_version=\u00bb4.27.4&#8243; _module_preset=\u00bbdefault\u00bb global_colors_info=\u00bb{}\u00bb][\/et_pb_fullwidth_image][\/et_pb_section][et_pb_section fb_built=\u00bb1&#8243; _builder_version=\u00bb4.27.4&#8243; _module_preset=\u00bbdefault\u00bb custom_padding=\u00bb4px||3px|||\u00bb global_colors_info=\u00bb{}\u00bb][et_pb_row _builder_version=\u00bb4.27.4&#8243; _module_preset=\u00bbdefault\u00bb global_colors_info=\u00bb{}\u00bb][et_pb_column type=\u00bb4_4&#8243; _builder_version=\u00bb4.27.4&#8243; _module_preset=\u00bbdefault\u00bb global_colors_info=\u00bb{}\u00bb][et_pb_accordion _builder_version=\u00bb4.27.4&#8243; _module_preset=\u00bbdefault\u00bb global_colors_info=\u00bb{}\u00bb][et_pb_accordion_item title=\u00bbAgencia Inmobiliaria\u00bb open=\u00bbon\u00bb _builder_version=\u00bb4.27.4&#8243; _module_preset=\u00bbdefault\u00bb global_colors_info=\u00bb{}\u00bb]<\/p>\n<ul>\n<li>Mediaci\u00f3n y asesoramiento en compraventa de inmuebles<\/li>\n<li>Mediaci\u00f3n y asesoramiento en arrendamiento de inmuebles<\/li>\n<li>Redacci\u00f3n de contratos<\/li>\n<li>Traspasos de locales<\/li>\n<li>Seguros de garant\u00eda para el alquiler de vivienda<\/li>\n<\/ul>\n<p>[\/et_pb_accordion_item][et_pb_accordion_item title=\u00bbAdministraci\u00f3n de Fincas\u00bb _builder_version=\u00bb4.27.4&#8243; _module_preset=\u00bbdefault\u00bb global_colors_info=\u00bb{}\u00bb open=\u00bboff\u00bb]<\/p>\n<ul>\n<li>Constituci\u00f3n y redacci\u00f3n de estatutos.<\/li>\n<li>Administraci\u00f3n y gesti\u00f3n integral de comunidades<\/li>\n<li>Contabilidad, cobros y pagos de la comunidad<\/li>\n<li>Convocatoria y asistencia a juntas. Redacci\u00f3n y env\u00edo de actas<\/li>\n<li>Control del mantenimiento de las partes comunes del edificio<\/li>\n<li>Reclamaci\u00f3n judicial de impagados.<\/li>\n<li>Solicitud de subvenciones a Organismos Oficiales<\/li>\n<li>Adaptaci\u00f3n a la Ley de Protecci\u00f3n de datos (LOPD)<\/li>\n<li>Fiscalidad de la comunidad<\/li>\n<\/ul>\n<p>[\/et_pb_accordion_item][et_pb_accordion_item title=\u00bbOtros Tr\u00e1mites\u00bb _builder_version=\u00bb4.27.4&#8243; _module_preset=\u00bbdefault\u00bb global_colors_info=\u00bb{}\u00bb open=\u00bboff\u00bb]<\/p>\n<ul>\n<li>Alta y cambios de titularidad en el Impuesto Bienes Inmuebles<\/li>\n<li>Obtenci\u00f3n y renovaci\u00f3n de c\u00e9dulas de habitabilidad viviendas y locales.<\/li>\n<li>Valoraciones y peritaciones de inmuebles<\/li>\n<li>Tramitaci\u00f3n de escrituras compraventa,obra nueva,constituci\u00f3n y cancelaci\u00f3n de hipotecas<\/li>\n<li>Agente de seguros exclusivo Ocaso. DGS CO13343135083D<\/li>\n<\/ul>\n<p>[\/et_pb_accordion_item][et_pb_accordion_item title=\u00bbGesti\u00f3n de Propiedades\u00bb _builder_version=\u00bb4.27.4&#8243; _module_preset=\u00bbdefault\u00bb global_colors_info=\u00bb{}\u00bb open=\u00bboff\u00bb]<\/p>\n<ul>\n<li>Asesoramiento y alquiler de viviendas y locales<\/li>\n<li>Administraci\u00f3n y cobro de alquileres.<\/li>\n<li>Redacci\u00f3n contratos de arrendamiento<\/li>\n<li>Actualizaci\u00f3n de rentas<\/li>\n<li>Tramitaci\u00f3n certificaci\u00f3n energ\u00e9tica<\/li>\n<\/ul>\n<p>[\/et_pb_accordion_item][\/et_pb_accordion][\/et_pb_column][\/et_pb_row][\/et_pb_section][et_pb_section fb_built=\u00bb1&#8243; _builder_version=\u00bb4.27.4&#8243; _module_preset=\u00bbdefault\u00bb background_color=\u00bbRGBA(255,255,255,0)\u00bb custom_padding=\u00bb||4px|||\u00bb hover_enabled=\u00bb0&#8243; global_colors_info=\u00bb{}\u00bb disabled_on=\u00bbon|on|off\u00bb sticky_enabled=\u00bb0&#8243;][et_pb_row column_structure=\u00bb2_3,1_3&#8243; _builder_version=\u00bb4.27.4&#8243; _module_preset=\u00bbdefault\u00bb width=\u00bb100%\u00bb max_width=\u00bb2560px\u00bb custom_margin=\u00bb-63px||-33px||false|false\u00bb global_colors_info=\u00bb{}\u00bb][et_pb_column type=\u00bb2_3&#8243; _builder_version=\u00bb4.27.4&#8243; _module_preset=\u00bbdefault\u00bb global_colors_info=\u00bb{}\u00bb][et_pb_image src=\u00bbhttps:\/\/www.binifinques.com\/wp-content\/uploads\/2025\/06\/img_title_mini.jpg\u00bb title_text=\u00bblogo\u00bb _builder_version=\u00bb4.27.4&#8243; _module_preset=\u00bbdefault\u00bb custom_padding=\u00bb|0px||||\u00bb global_colors_info=\u00bb{}\u00bb][\/et_pb_image][\/et_pb_column][et_pb_column type=\u00bb1_3&#8243; _builder_version=\u00bb4.27.4&#8243; _module_preset=\u00bbdefault\u00bb global_colors_info=\u00bb{}\u00bb][\/et_pb_column][\/et_pb_row][et_pb_row _builder_version=\u00bb4.27.4&#8243; _module_preset=\u00bbdefault\u00bb width=\u00bb100%\u00bb max_width=\u00bb2560px\u00bb global_colors_info=\u00bb{}\u00bb][et_pb_column type=\u00bb4_4&#8243; _builder_version=\u00bb4.27.4&#8243; _module_preset=\u00bbdefault\u00bb global_colors_info=\u00bb{}\u00bb][et_pb_divider color=\u00bb#000000&#8243; _builder_version=\u00bb4.27.4&#8243; _module_preset=\u00bbdefault\u00bb min_height=\u00bb9.8px\u00bb custom_margin=\u00bb||-9px|||\u00bb custom_padding=\u00bb||0px|||\u00bb global_colors_info=\u00bb{}\u00bb][\/et_pb_divider][\/et_pb_column][\/et_pb_row][et_pb_row column_structure=\u00bb1_5,1_5,1_5,1_5,1_5&#8243; _builder_version=\u00bb4.27.4&#8243; _module_preset=\u00bbdefault\u00bb min_height=\u00bb145.1px\u00bb custom_margin=\u00bb-12px|auto||auto||\u00bb custom_padding=\u00bb4px||2px|||\u00bb global_colors_info=\u00bb{}\u00bb][et_pb_column type=\u00bb1_5&#8243; _builder_version=\u00bb4.27.4&#8243; _module_preset=\u00bbdefault\u00bb global_colors_info=\u00bb{}\u00bb][et_pb_image src=\u00bbhttps:\/\/www.binifinques.com\/wp-content\/uploads\/2025\/06\/benifi-1-1-2.jpg\u00bb title_text=\u00bbbenifi-2&#8243; _builder_version=\u00bb4.27.4&#8243; _module_preset=\u00bbdefault\u00bb global_colors_info=\u00bb{}\u00bb][\/et_pb_image][\/et_pb_column][et_pb_column type=\u00bb1_5&#8243; _builder_version=\u00bb4.27.4&#8243; _module_preset=\u00bbdefault\u00bb global_colors_info=\u00bb{}\u00bb][et_pb_heading title=\u00bbBF BiniFinques\u00bb _builder_version=\u00bb4.27.4&#8243; _module_preset=\u00bbdefault\u00bb title_level=\u00bbh4&#8243; title_font=\u00bb|600|||||||\u00bb custom_margin=\u00bb||-1px|||\u00bb global_colors_info=\u00bb{}\u00bb][\/et_pb_heading][et_pb_menu _builder_version=\u00bb4.27.4&#8243; _module_preset=\u00bbdefault\u00bb menu_id=\u00bb43&#8243; menu_text_color=\u00bb#caa772&#8243; max_width=\u00bb53%\u00bb hover_enabled=\u00bb0&#8243; sticky_enabled=\u00bb0&#8243;][\/et_pb_menu][\/et_pb_column][et_pb_column type=\u00bb1_5&#8243; _builder_version=\u00bb4.27.4&#8243; _module_preset=\u00bbdefault\u00bb global_colors_info=\u00bb{}\u00bb][et_pb_heading title=\u00bbBF inmobiliaria\u00bb _builder_version=\u00bb4.27.4&#8243; _module_preset=\u00bbdefault\u00bb title_level=\u00bbh4&#8243; title_font=\u00bb|600|||||||\u00bb custom_margin=\u00bb||-1px|||\u00bb global_colors_info=\u00bb{}\u00bb][\/et_pb_heading][et_pb_menu _builder_version=\u00bb4.27.4&#8243; _module_preset=\u00bbdefault\u00bb menu_id=\u00bb46&#8243; menu_text_color=\u00bb#caa772&#8243; max_width=\u00bb75%\u00bb hover_enabled=\u00bb0&#8243; sticky_enabled=\u00bb0&#8243;][\/et_pb_menu][\/et_pb_column][et_pb_column type=\u00bb1_5&#8243; _builder_version=\u00bb4.27.4&#8243; _module_preset=\u00bbdefault\u00bb global_colors_info=\u00bb{}\u00bb][et_pb_heading title=\u00bbBF Administraci\u00f3n\u00bb _builder_version=\u00bb4.27.4&#8243; _module_preset=\u00bbdefault\u00bb title_level=\u00bbh4&#8243; title_font=\u00bb|600|||||||\u00bb custom_margin=\u00bb||0px|||\u00bb global_colors_info=\u00bb{}\u00bb][\/et_pb_heading][et_pb_menu _builder_version=\u00bb4.27.4&#8243; _module_preset=\u00bbdefault\u00bb menu_id=\u00bb50&#8243; menu_text_color=\u00bb#caa772&#8243; max_width=\u00bb75%\u00bb hover_enabled=\u00bb0&#8243; sticky_enabled=\u00bb0&#8243;][\/et_pb_menu][\/et_pb_column][et_pb_column type=\u00bb1_5&#8243; _builder_version=\u00bb4.27.4&#8243; _module_preset=\u00bbdefault\u00bb global_colors_info=\u00bb{}\u00bb][et_pb_heading title=\u00bbBF Servicios\u00bb _builder_version=\u00bb4.27.4&#8243; _module_preset=\u00bbdefault\u00bb title_level=\u00bbh4&#8243; title_font=\u00bb|600|||||||\u00bb custom_margin=\u00bb||-1px|||\u00bb global_colors_info=\u00bb{}\u00bb][\/et_pb_heading][et_pb_menu _builder_version=\u00bb4.27.4&#8243; _module_preset=\u00bbdefault\u00bb menu_id=\u00bb54&#8243; menu_text_color=\u00bb#caa772&#8243; max_width=\u00bb75%\u00bb hover_enabled=\u00bb0&#8243; sticky_enabled=\u00bb0&#8243;][\/et_pb_menu][\/et_pb_column][\/et_pb_row][\/et_pb_section]<\/p>\n","protected":false},"excerpt":{"rendered":"<p>Mediaci\u00f3n y asesoramiento en compraventa de inmuebles Mediaci\u00f3n y asesoramiento en arrendamiento de inmuebles Redacci\u00f3n de contratos Traspasos de locales Seguros de garant\u00eda para el alquiler de vivienda Constituci\u00f3n y redacci\u00f3n de estatutos. Administraci\u00f3n y gesti\u00f3n integral de comunidades Contabilidad, cobros y pagos de la comunidad Convocatoria y asistencia a juntas. Redacci\u00f3n y env\u00edo de [&hellip;]<\/p>\n","protected":false},"author":1,"featured_media":0,"parent":0,"menu_order":0,"comment_status":"closed","ping_status":"closed","template":"","meta":{"_et_pb_use_builder":"on","_et_pb_old_content":"<!-- wp:divi\/placeholder \/-->","_et_gb_content_width":"","footnotes":""},"class_list":["post-27","page","type-page","status-publish","hentry"],"aioseo_notices":[],"_links":{"self":[{"href":"https:\/\/www.binifinques.com\/index.php\/wp-json\/wp\/v2\/pages\/27","targetHints":{"allow":["GET"]}}],"collection":[{"href":"https:\/\/www.binifinques.com\/index.php\/wp-json\/wp\/v2\/pages"}],"about":[{"href":"https:\/\/www.binifinques.com\/index.php\/wp-json\/wp\/v2\/types\/page"}],"author":[{"embeddable":true,"href":"https:\/\/www.binifinques.com\/index.php\/wp-json\/wp\/v2\/users\/1"}],"replies":[{"embeddable":true,"href":"https:\/\/www.binifinques.com\/index.php\/wp-json\/wp\/v2\/comments?post=27"}],"version-history":[{"count":9,"href":"https:\/\/www.binifinques.com\/index.php\/wp-json\/wp\/v2\/pages\/27\/revisions"}],"predecessor-version":[{"id":674,"href":"https:\/\/www.binifinques.com\/index.php\/wp-json\/wp\/v2\/pages\/27\/revisions\/674"}],"wp:attachment":[{"href":"https:\/\/www.binifinques.com\/index.php\/wp-json\/wp\/v2\/media?parent=27"}],"curies":[{"name":"wp","href":"https:\/\/api.w.org\/{rel}","templated":true}]}}