{"id":487,"date":"2025-07-17T17:10:21","date_gmt":"2025-07-17T15:10:21","guid":{"rendered":"https:\/\/www.binifinques.com\/?page_id=487"},"modified":"2025-07-25T12:01:45","modified_gmt":"2025-07-25T10:01:45","slug":"politica-de-privacidad","status":"publish","type":"page","link":"https:\/\/www.binifinques.com\/index.php\/politica-de-privacidad\/","title":{"rendered":"Pol\u00edtica de privacidad"},"content":{"rendered":"<p>[et_pb_section fb_built=\u00bb1&#8243; _builder_version=\u00bb4.27.4&#8243; _module_preset=\u00bbdefault\u00bb global_colors_info=\u00bb{}\u00bb][et_pb_row _builder_version=\u00bb4.27.4&#8243; _module_preset=\u00bbdefault\u00bb][et_pb_column _builder_version=\u00bb4.27.4&#8243; _module_preset=\u00bbdefault\u00bb type=\u00bb4_4&#8243;][et_pb_code _builder_version=\u00bb4.27.4&#8243; _module_preset=\u00bbdefault\u00bb hover_enabled=\u00bb0&#8243; sticky_enabled=\u00bb0&#8243;]<\/p>\n<h2>Aviso Legal y Pol\u00edtica de Privacidad<\/h2>\n<p><!-- [et_pb_line_break_holder] --><\/p>\n<h3>1.-Introducci\u00f3n<\/h3>\n<p><!-- [et_pb_line_break_holder] --><pee>Mediante este Aviso Legal y Pol\u00edtica de Privacidad, Binifinques, domiciliada en Carrer Font Obrador, 18B, 07609 Badia Gran, Illes Balears, informa a los usuarios de la p\u00e1gina web de su propiedad (en adelante la \u201cWeb\u201d) y de su aplicaci\u00f3n m\u00f3vil (en adelante la \u201cApp\u201d), acerca de las condiciones de uso de la Web y la App, as\u00ed como de su pol\u00edtica de privacidad y protecci\u00f3n de datos de car\u00e1cter personal, para que los usuarios determinen, libre y voluntariamente, si desean facilitar los datos personales que les puedan ser solicitados, con ocasi\u00f3n de los servicios ofertados, a trav\u00e9s de este medio.<\/pee><!-- [et_pb_line_break_holder] --><\/p>\n<h3>2.- Titular del sitio web<\/h3>\n<p><!-- [et_pb_line_break_holder] --><pee>En virtud de lo establecido en el art\u00edculo 10 de la Ley 34\/2002, de 11 de julio, de Servicios de la Sociedad de la Informaci\u00f3n y de Comercio Electr\u00f3nico se informa a los usuarios del presente sitio web de la siguiente informaci\u00f3n:<\/pee><!-- [et_pb_line_break_holder] --><\/p>\n<ul><!-- [et_pb_line_break_holder] --><\/p>\n<li>Titular del sitio web es: Miguel Angel Ca\u00f1avate <\/li>\n<p><!-- [et_pb_line_break_holder] --><\/p>\n<li>Domicilio Social: Carrer Font Obrador, 18B, 07609 Badia Gran, Illes Balears.<\/li>\n<p><!-- [et_pb_line_break_holder] --><\/p>\n<li>CIF: 43135083D.<\/li>\n<p><!-- [et_pb_line_break_holder] --><\/p>\n<li>Direcci\u00f3n de correo electr\u00f3nico: info@binifinques.com.<\/li>\n<p><!-- [et_pb_line_break_holder] --><\/ul>\n<p><!-- [et_pb_line_break_holder] --><\/p>\n<h3>3.- Condiciones de Uso<\/h3>\n<p><!-- [et_pb_line_break_holder] --><pee>Toda persona que acceda a la Web o a la App asume el papel de usuario, comprometi\u00e9ndose a la observancia y cumplimiento riguroso de las disposiciones aqu\u00ed dispuestas, as\u00ed como a cualquier otra disposici\u00f3n legal que fuera de aplicaci\u00f3n.<\/pee><!-- [et_pb_line_break_holder] --><pee>El usuario se compromete a no usar el presente sitio web y su App con fines fraudulentos, as\u00ed como a no llevar a cabo conducta alguna que pudiera da\u00f1ar la imagen, los intereses y los derechos de Binifinques. En caso de incumplimiento por parte del usuario de las condiciones de uso del presente sitio web, o de sospecha razonable por parte de la empresa de que el usuario las est\u00e1 incumpliendo, Binifinques se reserva el derecho a limitar, suspender o terminar su acceso al sitio web, adoptando cualquier medida t\u00e9cnica que sea necesaria con ese fin.<\/pee><!-- [et_pb_line_break_holder] --><\/p>\n<h3>4.- Responsabilidad<\/h3>\n<p><!-- [et_pb_line_break_holder] --><pee>Binifinques se exime de cualquier tipo de responsabilidad derivada de la informaci\u00f3n publicada en su sitio web, siempre que esta informaci\u00f3n haya sido manipulada o introducida por un tercero ajeno al mismo.<\/pee><!-- [et_pb_line_break_holder] --><pee>Binifinques no se responsabiliza en modo alguno y en ning\u00fan caso de aquellos contenidos, actividades comerciales, productos y servicios que pudiesen visualizarse mediante enlaces electr\u00f3nicos (links), directa o indirectamente, a trav\u00e9s del sitio web. La presencia de links en el sitio web, salvo manifestaci\u00f3n expresa en contrario, tiene una finalidad meramente informativa y en ning\u00fan caso supone sugerencia, invitaci\u00f3n o recomendaci\u00f3n sobre los mismos. Estos enlaces no representan ning\u00fan tipo de relaci\u00f3n entre Binifinques y los particulares o empresas que puedan acceder a sitios webs ajenos a Binifinques mediante estos enlaces. Binifinques se reserva el derecho a retirar de modo unilateral y en cualquier momento los links que aparecen en el sitio web.<\/pee><!-- [et_pb_line_break_holder] --><pee>Binifinques presta sus servicios y contenidos de forma continuada empleando todos los medios t\u00e9cnicos a su alcance para realizar dicha prestaci\u00f3n de forma satisfactoria. Binifinques no se hace responsable de los da\u00f1os y perjuicios de toda naturaleza que pudieran derivarse de la falta de disponibilidad y\/o continuidad t\u00e9cnica del funcionamiento de este sitio web. En cualquier caso, Binifinques llevar\u00e1 a cabo todas las actuaciones necesarias para restablecer sus servicios en caso de fallo t\u00e9cnico.<\/pee><!-- [et_pb_line_break_holder] --><\/p>\n<h3>5. &#8211; Protecci\u00f3n de Datos<\/h3>\n<p><!-- [et_pb_line_break_holder] --><\/p>\n<h4>5.1. Encargados del Tratamiento<\/h4>\n<p><!-- [et_pb_line_break_holder] --><pee>Los datos personales ser\u00e1n objeto de tratamiento por Binifinques cuando as\u00ed sea preciso, en funci\u00f3n de los servicios contratados a trav\u00e9s de la presente web y la App, que act\u00faan, en ambos casos, como Encargados del Tratamiento.<\/pee><!-- [et_pb_line_break_holder] --><pee>El usuario podr\u00e1 proporcionarnos, de forma voluntaria, informaci\u00f3n de car\u00e1cter personal, bien, a trav\u00e9s de determinados formularios de recogida de datos incluidos en las diferentes secciones de la web o de la App, bien mediante las direcciones de correo electr\u00f3nico habilitadas a tal efecto. El suministro de cualquier dato de car\u00e1cter personal a trav\u00e9s de los distintos formularios y direcciones de correo electr\u00f3nico de la presente p\u00e1gina web implica aceptar y consentir el tratamiento de los mismos en los t\u00e9rminos indicados en la presente pol\u00edtica de privacidad.<\/pee><!-- [et_pb_line_break_holder] --><\/p>\n<h4>5.2. Finalidades del tratamiento de los datos personales<\/h4>\n<p><!-- [et_pb_line_break_holder] --><pee>En general, la recogida y tratamiento de sus datos personales tiene como finalidades las que a continuaci\u00f3n se relacionan:<\/pee><!-- [et_pb_line_break_holder] --><\/p>\n<ol><!-- [et_pb_line_break_holder] --><\/p>\n<li>Poder contactar con el usuario;<\/li>\n<p><!-- [et_pb_line_break_holder] --><\/p>\n<li>Atender y gestionar adecuadamente las consultas, comentarios, incidencias o sugerencias remitidas;<\/li>\n<p><!-- [et_pb_line_break_holder] --><\/p>\n<li>Gestionar las tareas b\u00e1sicas de administraci\u00f3n;<\/li>\n<p><!-- [et_pb_line_break_holder] --><\/p>\n<li>Gestionar el alta, modificaci\u00f3n o baja de los usuarios de la plataforma;<\/li>\n<p><!-- [et_pb_line_break_holder] --><\/p>\n<li>Mantenerle informado, bien por medios electr\u00f3nicos o dispositivos m\u00f3viles (notificaciones push), bien por cualquier otro medio que as\u00ed se haya previsto y facilitado, de informaciones que pudieran resultar de su inter\u00e9s;<\/li>\n<p><!-- [et_pb_line_break_holder] --><\/p>\n<li>Prestar servicios a\u00f1adidos, mejoras en nuestros servicios y en la experiencia del cliente al hacer uso de la Web o la App.<\/li>\n<p><!-- [et_pb_line_break_holder] --><\/p>\n<li>An\u00e1lisis estad\u00edsticos de visitas a la Web y comportamientos de sus Usuarios en la misma.<\/li>\n<p><!-- [et_pb_line_break_holder] --><\/p>\n<li>Gestionar adecuadamente la navegaci\u00f3n a trav\u00e9s del presente sitio web.<\/li>\n<p><!-- [et_pb_line_break_holder] --><\/ol>\n<p><!-- [et_pb_line_break_holder] --><\/p>\n<h4>5.3. Legitimaci\u00f3n<\/h4>\n<p><!-- [et_pb_line_break_holder] --><pee>Las bases jur\u00eddicas que legitiman los tratamientos indicados son la ejecuci\u00f3n del servicio previamente contratado, el consentimiento del usuario y el inter\u00e9s leg\u00edtimo de Binifinques.<\/pee><!-- [et_pb_line_break_holder] --><\/p>\n<h4>5.4. Destinatarios de los datos personales.<\/h4>\n<p><!-- [et_pb_line_break_holder] --><pee>Los destinatarios de la informaci\u00f3n facilitada ser\u00e1, de una parte Binifinques, y de otra, los datos personales de los usuarios ser\u00e1n comunicados Administrador de Fincas que presta el servicio a su comunidad. Los destinatarios de la informaci\u00f3n suministrada, se comprometen en la utilizaci\u00f3n de los datos facilitados, a respetar su confidencialidad y a utilizarlos de acuerdo a las finalidades previamente autorizadas.<\/pee><!-- [et_pb_line_break_holder] --><\/p>\n<h4>5.5. Derechos de los interesados<\/h4>\n<p><!-- [et_pb_line_break_holder] --><pee>El interesado podr\u00e1 ejercer los derechos de acceso, rectificaci\u00f3n, supresi\u00f3n, oposici\u00f3n, portabilidad y limitaci\u00f3n, dirigi\u00e9ndose a Binifinques, mediante solicitud a nuestra direcci\u00f3n de correo electr\u00f3nico establecida a tal efecto: info@binifinques.com, adjuntando en todo caso, fotocopia del D.N.I o documento equivalente v\u00e1lido en derecho que permita acreditar su identidad, y especificando el derecho que desea ejercer.<\/pee><!-- [et_pb_line_break_holder] --><pee>Cualquier interesado, podr\u00e1 en cualquier momento posterior, en los t\u00e9rminos establecidos en la normativa sobre protecci\u00f3n de datos en cada momento vigente, revocar la autorizaci\u00f3n concedida para el tratamiento de los datos personales.<\/pee><!-- [et_pb_line_break_holder] --><pee>El interesado tendr\u00e1 derecho a formular una queja o reclamaci\u00f3n ante la Agencia Espa\u00f1ola de Protecci\u00f3n de Datos (www.agpd.es).<\/pee><!-- [et_pb_line_break_holder] --><pee>El usuario responder\u00e1, en cualquier caso, de la veracidad de los datos facilitados, reserv\u00e1ndose Binifinques el derecho a excluir de los servicios a todo usuario que haya facilitado datos falsos, sin perjuicio de las dem\u00e1s acciones que procedan en Derecho. El usuario se hace responsable de comunicar cualquier modificaci\u00f3n de los datos personales facilitados.<\/pee><!-- [et_pb_line_break_holder] --><\/p>\n<h4>5.6. Plazo de conservaci\u00f3n de los datos<\/h4>\n<p><!-- [et_pb_line_break_holder] --><pee>S\u00f3lo almacenamos los datos personales de los usuarios en la medida en que la necesitamos a fin de poder utilizarla seg\u00fan la finalidad para la que fue recabada, y seg\u00fan la base jur\u00eddica del tratamiento de la misma. Mantendremos los datos personales mientras exista una relaci\u00f3n contractual y\/o comercial con el usuario y mientras \u00e9ste no ejerza el derecho de supresi\u00f3n, cancelaci\u00f3n y\/o limitaci\u00f3n del tratamiento de los datos personales.<\/pee><!-- [et_pb_line_break_holder] --><pee>En estos casos mantendremos los datos debidamente bloqueados, sin darle ning\u00fan uso, mientras puedan ser necesarios para el ejercicio o defensa de reclamaciones o pueda derivarse alg\u00fan tipo de responsabilidad judicial, legal o contractual de su tratamiento, que deba ser atendida y para lo cual sea necesaria su recuperaci\u00f3n.<\/pee><!-- [et_pb_line_break_holder] --><pee>Binifinques cumplir\u00e1 lo dispuesto en la normativa vigente en cuanto al deber de cancelaci\u00f3n de la informaci\u00f3n personal que haya dejado de ser necesaria para el fin o los fines para los cuales fue recabada, bloqueando la misma, con el fin de poder atender a las posibles responsabilidades derivadas del tratamiento de los datos, y s\u00f3lo durante los plazos de prescripci\u00f3n de dichas responsabilidades. Una vez transcurran dichos plazos, se eliminar\u00e1 definitivamente esa informaci\u00f3n mediante m\u00e9todos seguros.<\/pee><!-- [et_pb_line_break_holder] --><\/p>\n<h4>5.7. Menores de Edad<\/h4>\n<p><!-- [et_pb_line_break_holder] --><pee>Los menores de 16 a\u00f1os no deber\u00e1n enviar ninguna informaci\u00f3n personal sin el consentimiento de su padre o tutor. Binifinques no es responsable de ninguna informaci\u00f3n personal enviada por los menores de 16 a\u00f1os sin la autorizaci\u00f3n oportuna.<\/pee><!-- [et_pb_line_break_holder] --><\/p>\n<h4>5.8. Medidas de seguridad<\/h4>\n<p><!-- [et_pb_line_break_holder] --><pee>Binifinques ha adoptado los niveles de seguridad de protecci\u00f3n de datos personales requeridos por la normativa vigente, en funci\u00f3n del tipo de informaci\u00f3n tratada y ha implantado otros medios y medidas t\u00e9cnicas adicionales a su alcance para evitar su alteraci\u00f3n, p\u00e9rdida, tratamiento o acceso no autorizado de los datos personales facilitados. Binifinques, garantiza que ha adoptado las medidas oportunas de seguridad para garantizar la seguridad de la informaci\u00f3n y la confidencialidad de los datos que usted nos env\u00eda por Internet. Para ello, se utiliza la tecnolog\u00eda de seguridad Secure Socket Layer (SSL), sistema que permite el cifrado de la informaci\u00f3n que nos env\u00ede, evitando su lectura incluso si es interceptada inadecuadamente. El servidor de Binifinques est\u00e1 certificado, de modo que su navegador puede confirmar la identidad de Binifinques antes de que ninguna transmisi\u00f3n sea enviada. Este certificado garantiza la identidad del ordenador de destino al cual se est\u00e1n enviando sus datos. Puede reconocer que la seguridad SSL est\u00e1 operativa mediante la aparici\u00f3n del icono de un candado en el borde inferior de la mayor\u00eda de los navegadores. Si pulsa sobre este icono aparecer\u00e1 el certificado asociado con la conexi\u00f3n de seguridad. No obstante lo anterior, el usuario debe ser consciente de que las medidas de seguridad en internet no son inexpugnables.<\/pee><!-- [et_pb_line_break_holder] --><\/p>\n<h4>5.9. Cookies<\/h4>\n<p><!-- [et_pb_line_break_holder] --><pee>El acceso a esta web puede implicar la utilizaci\u00f3n de cookies. Las cookies son peque\u00f1as cantidades de informaci\u00f3n que se almacenan en el navegador utilizado por cada usuario para que el servidor recuerde cierta informaci\u00f3n que posteriormente pueda utilizar. Esta informaci\u00f3n permite identificarle a usted como un usuario concreto y permite guardar sus preferencias personales, as\u00ed como informaci\u00f3n t\u00e9cnica como puedan ser visitas o p\u00e1ginas concretas que visite.<\/pee><!-- [et_pb_line_break_holder] --><pee>Para m\u00e1s informaci\u00f3n consulte nuestra \u201cPol\u00edtica de Cookies\u201d.<\/pee><!-- [et_pb_line_break_holder] --><\/p>\n<h3>6.- Derechos de Propiedad Industrial e Intelectual<\/h3>\n<p><!-- [et_pb_line_break_holder] --><pee>La totalidad de los contenidos, elementos, dise\u00f1os y aplicaciones albergados en esta p\u00e1gina web, cualquiera que sea su formato y caracter\u00edsticas, as\u00ed como todos los Derechos de Propiedad Industrial e Intelectual inherentes a dicho sitio web, son titularidad de Binifinques estando protegidos tanto por la normativa de Propiedad Industrial e Intelectual como por el resto de legislaci\u00f3n que pueda ser de aplicaci\u00f3n. Dicho contenido, no podr\u00e1 ser objeto de explotaci\u00f3n, reproducci\u00f3n, distribuci\u00f3n, modificaci\u00f3n, comunicaci\u00f3n p\u00fablica, cesi\u00f3n, transformaci\u00f3n ni de cualquier otro procedimiento de difusi\u00f3n, que no haya sido expresa y previamente autorizado. Binifinques se reserva el ejercicio de las acciones judiciales que le asistan frente a quienes vulneren los derechos de su titularidad a los que se ha hecho referencia.<\/pee><!-- [et_pb_line_break_holder] --><\/p>\n<h3>7.- Modificaciones<\/h3>\n<p><!-- [et_pb_line_break_holder] --><pee>Binifinques se reserva el derecho a modificar el presente Aviso Legal y Pol\u00edtica de Privacidad para adaptar novedades legislativas o jurisprudenciales, as\u00ed como por cambios en la actuaci\u00f3n y estrategia empresarial de Binifinques y sus sociedades vinculadas, por lo que recomendamos su lectura antes de cada acceso y navegaci\u00f3n por el sitio web. No obstante lo anterior, las relaciones establecidas con los usuarios, con anterioridad a la modificaci\u00f3n del presente Aviso Legal y Pol\u00edtica de Privacidad, se regir\u00e1n por las normas previstas en el momento en que el usuario accedi\u00f3 al sitio Web para su establecimiento.<\/pee><!-- [et_pb_line_break_holder] --><pee>Binifinques proporciona a los usuarios los recursos t\u00e9cnicos adecuados para que, con car\u00e1cter previo, puedan acceder a este Aviso Legal y Pol\u00edtica de Privacidad y Protecci\u00f3n de Datos.<\/pee><!-- [et_pb_line_break_holder] --><\/p>\n<h3>8.- Legislaci\u00f3n y Fuero Aplicable<\/h3>\n<p><!-- [et_pb_line_break_holder] --><pee>Para la resoluci\u00f3n de todas las controversias o cuestiones relacionadas con el presente sitio web o de las actividades en \u00e9l desarrolladas, ser\u00e1 de aplicaci\u00f3n la legislaci\u00f3n espa\u00f1ola, a la que se someten expresamente las partes, siendo competentes para la resoluci\u00f3n de todos los conflictos derivados o relacionados con su uso los Juzgados y Tribunales de Valencia competentes de acuerdo con la legislaci\u00f3n que resulte de aplicaci\u00f3n.<\/pee><!-- [et_pb_line_break_holder] --><pee>En el caso de que alguna de las disposiciones contenidas en el presente documento sea declarada nula, se proceder\u00e1 a la retirada o sustituci\u00f3n de la misma. En cualquier caso, dicha declaraci\u00f3n de nulidad no afectar\u00e1 a la validez del resto de disposiciones recogidas en el presente.<\/pee>[\/et_pb_code][\/et_pb_column][\/et_pb_row][\/et_pb_section]<\/p>\n","protected":false},"excerpt":{"rendered":"","protected":false},"author":1,"featured_media":0,"parent":0,"menu_order":0,"comment_status":"closed","ping_status":"closed","template":"","meta":{"_et_pb_use_builder":"on","_et_pb_old_content":"","_et_gb_content_width":"","footnotes":""},"class_list":["post-487","page","type-page","status-publish","hentry"],"aioseo_notices":[],"_links":{"self":[{"href":"https:\/\/www.binifinques.com\/index.php\/wp-json\/wp\/v2\/pages\/487","targetHints":{"allow":["GET"]}}],"collection":[{"href":"https:\/\/www.binifinques.com\/index.php\/wp-json\/wp\/v2\/pages"}],"about":[{"href":"https:\/\/www.binifinques.com\/index.php\/wp-json\/wp\/v2\/types\/page"}],"author":[{"embeddable":true,"href":"https:\/\/www.binifinques.com\/index.php\/wp-json\/wp\/v2\/users\/1"}],"replies":[{"embeddable":true,"href":"https:\/\/www.binifinques.com\/index.php\/wp-json\/wp\/v2\/comments?post=487"}],"version-history":[{"count":4,"href":"https:\/\/www.binifinques.com\/index.php\/wp-json\/wp\/v2\/pages\/487\/revisions"}],"predecessor-version":[{"id":707,"href":"https:\/\/www.binifinques.com\/index.php\/wp-json\/wp\/v2\/pages\/487\/revisions\/707"}],"wp:attachment":[{"href":"https:\/\/www.binifinques.com\/index.php\/wp-json\/wp\/v2\/media?parent=487"}],"curies":[{"name":"wp","href":"https:\/\/api.w.org\/{rel}","templated":true}]}}